{"id":2846,"date":"2019-02-18T10:55:56","date_gmt":"2019-02-18T09:55:56","guid":{"rendered":"https:\/\/fuenf-g.de\/autoren\/frank-jablonski\/"},"modified":"2020-01-17T15:08:32","modified_gmt":"2020-01-17T14:08:32","slug":"frank-jablonski","status":"publish","type":"page","link":"https:\/\/fuenf-g.de\/en\/autoren\/frank-jablonski\/","title":{"rendered":"Frank Jablonski"},"content":{"rendered":"<div class=\"fusion-fullwidth fullwidth-box fusion-builder-row-1 fusion-flex-container nonhundred-percent-fullwidth non-hundred-percent-height-scrolling\" style=\"--awb-border-radius-top-left:0px;--awb-border-radius-top-right:0px;--awb-border-radius-bottom-right:0px;--awb-border-radius-bottom-left:0px;--awb-flex-wrap:wrap;\" ><div class=\"fusion-builder-row fusion-row fusion-flex-align-items-flex-start fusion-flex-content-wrap\" style=\"max-width:1289.6px;margin-left: calc(-4% \/ 2 );margin-right: calc(-4% \/ 2 );\"><div class=\"fusion-layout-column fusion_builder_column fusion-builder-column-0 fusion_builder_column_1_2 1_2 fusion-flex-column\" style=\"--awb-bg-size:cover;--awb-width-large:50%;--awb-margin-top-large:0px;--awb-spacing-right-large:3.84%;--awb-margin-bottom-large:20px;--awb-spacing-left-large:3.84%;--awb-width-medium:50%;--awb-spacing-right-medium:3.84%;--awb-spacing-left-medium:3.84%;--awb-width-small:100%;--awb-spacing-right-small:1.92%;--awb-spacing-left-small:1.92%;\"><div class=\"fusion-column-wrapper fusion-flex-justify-content-flex-start fusion-content-layout-column\"><div class=\"fusion-text fusion-text-1\"><h1 style=\"text-align: left;\">Frank Jablonski<\/h1>\n<\/div><div class=\"fusion-image-element \" style=\"--awb-caption-title-font-family:var(--h2_typography-font-family);--awb-caption-title-font-weight:var(--h2_typography-font-weight);--awb-caption-title-font-style:var(--h2_typography-font-style);--awb-caption-title-size:var(--h2_typography-font-size);--awb-caption-title-transform:var(--h2_typography-text-transform);--awb-caption-title-line-height:var(--h2_typography-line-height);--awb-caption-title-letter-spacing:var(--h2_typography-letter-spacing);\"><span class=\" fusion-imageframe imageframe-none imageframe-1 hover-type-none\"><img decoding=\"async\" width=\"300\" height=\"300\" title=\"Frank-Jablonski\" src=\"https:\/\/fuenf-g.de\/wp-content\/uploads\/2019\/02\/Frank-Jablonski-300x300.jpg\" alt class=\"img-responsive wp-image-2934\" srcset=\"https:\/\/fuenf-g.de\/wp-content\/uploads\/2019\/02\/Frank-Jablonski-200x200.jpg 200w, https:\/\/fuenf-g.de\/wp-content\/uploads\/2019\/02\/Frank-Jablonski-400x400.jpg 400w, https:\/\/fuenf-g.de\/wp-content\/uploads\/2019\/02\/Frank-Jablonski-600x600.jpg 600w, https:\/\/fuenf-g.de\/wp-content\/uploads\/2019\/02\/Frank-Jablonski-800x800.jpg 800w, https:\/\/fuenf-g.de\/wp-content\/uploads\/2019\/02\/Frank-Jablonski.jpg 1000w\" sizes=\"(max-width: 640px) 100vw, 600px\" \/><\/span><\/div><div class=\"fusion-social-links fusion-social-links-1\" style=\"--awb-margin-top:0px;--awb-margin-right:0px;--awb-margin-bottom:0px;--awb-margin-left:0px;--awb-box-border-top:0px;--awb-box-border-right:0px;--awb-box-border-bottom:0px;--awb-box-border-left:0px;--awb-icon-colors-hover:rgba(229,53,55,0.8);--awb-box-colors-hover:rgba(255,255,255,0.8);--awb-box-border-color:var(--awb-color3);--awb-box-border-color-hover:var(--awb-color4);\"><div class=\"fusion-social-networks boxed-icons color-type-custom\"><div class=\"fusion-social-networks-wrapper\"><a class=\"fusion-social-network-icon fusion-tooltip fusion-facebook awb-icon-facebook\" style=\"color:#e53537;font-size:18px;width:18px;background-color:#ffffff;border-color:#ffffff;border-radius:4px;\" data-placement=\"top\" data-title=\"Facebook\" data-toggle=\"tooltip\" title=\"Facebook\" aria-label=\"facebook\" target=\"_blank\" rel=\"noopener noreferrer\" href=\"https:\/\/www.facebook.com\/MylkandHoneyB2B\"><\/a><a class=\"fusion-social-network-icon fusion-tooltip fusion-twitter awb-icon-twitter\" style=\"color:#e53537;font-size:18px;width:18px;background-color:#ffffff;border-color:#ffffff;border-radius:4px;\" data-placement=\"top\" data-title=\"X\" data-toggle=\"tooltip\" title=\"X\" aria-label=\"twitter\" target=\"_blank\" rel=\"noopener noreferrer\" href=\"https:\/\/twitter.com\/fjablonski\"><\/a><a class=\"fusion-social-network-icon fusion-tooltip fusion-instagram awb-icon-instagram\" style=\"color:#e53537;font-size:18px;width:18px;background-color:#ffffff;border-color:#ffffff;border-radius:4px;\" data-placement=\"top\" data-title=\"Instagram\" data-toggle=\"tooltip\" title=\"Instagram\" aria-label=\"instagram\" target=\"_blank\" rel=\"noopener noreferrer\" href=\"https:\/\/www.instagram.com\/_mylkandhoney_\/\"><\/a><a class=\"fusion-social-network-icon fusion-tooltip fusion-linkedin awb-icon-linkedin\" style=\"color:#e53537;font-size:18px;width:18px;background-color:#ffffff;border-color:#ffffff;border-radius:4px;\" data-placement=\"top\" data-title=\"LinkedIn\" data-toggle=\"tooltip\" title=\"LinkedIn\" aria-label=\"linkedin\" target=\"_blank\" rel=\"noopener noreferrer\" href=\"https:\/\/www.linkedin.com\/in\/frankjablonski\/\"><\/a><a class=\"fusion-social-network-icon fusion-tooltip fusion-xing awb-icon-xing\" style=\"color:#e53537;font-size:18px;width:18px;background-color:#ffffff;border-color:#ffffff;border-radius:4px;\" data-placement=\"top\" data-title=\"Xing\" data-toggle=\"tooltip\" title=\"Xing\" aria-label=\"xing\" target=\"_blank\" rel=\"noopener noreferrer\" href=\"https:\/\/www.xing.com\/profile\/Frank_Jablonski\"><\/a><a class=\"fusion-social-network-icon fusion-tooltip fusion-mail awb-icon-mail\" style=\"color:#e53537;font-size:18px;width:18px;background-color:#ffffff;border-color:#ffffff;border-radius:4px;\" data-placement=\"top\" data-title=\"Email\" data-toggle=\"tooltip\" title=\"Email\" aria-label=\"mail\" target=\"_blank\" rel=\"noopener noreferrer\" href=\"mailto:&#102;&#114;ank&#064;&#102;&#117;enf&#045;G&#046;&#100;&#101;\"><\/a><\/div><\/div><\/div><div class=\"fusion-text fusion-text-2\"><blockquote>\n<p><span style=\"font-size: 16px;\">My biggest mistake? I&#8217;m falling in love with my own innovation ideas too quickly ;)<\/span><\/p>\n<\/blockquote>\n<p>Frank Jablonski works as a freelance journalist and author. Recent focus areas include digitization, Industry 4.0 and blockchain in industry sectors like process industries or metal working. With his agency mylk+honey \u2013 verbindende kommunykation he is involved in a wide variety of b2b customer projects today: from business development and branding to digital projects to videos and social media campaigns, he supports industrial companies from the first concept to detailed implementation.<\/p>\n<p>In these roles, the 50 year old graduate engineer specialized in chemical engineering also contributes, as from various managerial positions, most recently as editor-in-chief of the industry title MM MaschinenMarkt.<\/p>\n<p>For more information pls visit <a href=\"https:\/\/www.linkedin.com\/in\/frankjablonski\/\">LinkedIN profile<\/a> or <a href=\"https:\/\/mylkandhoney.de\">mylk+honey<\/a>.<\/p>\n<\/div><\/div><\/div><div class=\"fusion-layout-column fusion_builder_column fusion-builder-column-1 fusion_builder_column_1_2 1_2 fusion-flex-column\" style=\"--awb-bg-size:cover;--awb-width-large:50%;--awb-margin-top-large:0px;--awb-spacing-right-large:3.84%;--awb-margin-bottom-large:20px;--awb-spacing-left-large:3.84%;--awb-width-medium:50%;--awb-spacing-right-medium:3.84%;--awb-spacing-left-medium:3.84%;--awb-width-small:100%;--awb-spacing-right-small:1.92%;--awb-spacing-left-small:1.92%;\"><div class=\"fusion-column-wrapper fusion-flex-justify-content-flex-start fusion-content-layout-column\"><div class=\"fusion-text fusion-text-3\"><h2>Articles by the author<\/h2>\n<\/div><div class=\"fusion-separator\" style=\"align-self: flex-start;margin-right:auto;margin-bottom:43px;width:100%;max-width:90px;\"><div class=\"fusion-separator-border sep-single sep-solid\" style=\"--awb-height:20px;--awb-amount:20px;--awb-sep-color:#e53537;border-color:#e53537;border-top-width:2px;\"><\/div><\/div><div class=\"fusion-recent-posts fusion-recent-posts-1 avada-container layout-thumbnails-on-side layout-columns-1\"><section class=\"fusion-columns columns fusion-columns-1 columns-1\"><article class=\"post fusion-column column col col-lg-12 col-md-12 col-sm-12\"><div class=\"fusion-flexslider fusion-flexslider-loading flexslider floated-slideshow flexslider-hover-type-none\"><ul class=\"slides\"><li><a href=\"https:\/\/fuenf-g.de\/en\/2023\/11\/29\/power-for-secure-communication-at-the-pmr-expo\/\" aria-label=\"Power for secure communication at the PMR Expo\" class=\"hover-type-none\"><img decoding=\"async\" width=\"200\" height=\"113\" src=\"https:\/\/fuenf-g.de\/wp-content\/uploads\/2023\/11\/2023_11_28-Eroeffnung-PME-Expo-200x113.jpg\" class=\"attachment-fusion-200 size-fusion-200\" alt=\"Bernhard Klinger, Vorstand des PM e.V., NRW-Innenminister Reul und Koelnmesse-Gesch\u00e4ftsf\u00fchrer Oliver Frese kurz vor der Er\u00f6ffnung der PMR Expo. (Bild: Jablonski)\" srcset=\"https:\/\/fuenf-g.de\/wp-content\/uploads\/2023\/11\/2023_11_28-Eroeffnung-PME-Expo-200x113.jpg 200w, https:\/\/fuenf-g.de\/wp-content\/uploads\/2023\/11\/2023_11_28-Eroeffnung-PME-Expo-300x169.jpg 300w, https:\/\/fuenf-g.de\/wp-content\/uploads\/2023\/11\/2023_11_28-Eroeffnung-PME-Expo-400x225.jpg 400w, https:\/\/fuenf-g.de\/wp-content\/uploads\/2023\/11\/2023_11_28-Eroeffnung-PME-Expo-600x338.jpg 600w, https:\/\/fuenf-g.de\/wp-content\/uploads\/2023\/11\/2023_11_28-Eroeffnung-PME-Expo-768x432.jpg 768w, https:\/\/fuenf-g.de\/wp-content\/uploads\/2023\/11\/2023_11_28-Eroeffnung-PME-Expo-800x450.jpg 800w, https:\/\/fuenf-g.de\/wp-content\/uploads\/2023\/11\/2023_11_28-Eroeffnung-PME-Expo-1024x576.jpg 1024w, https:\/\/fuenf-g.de\/wp-content\/uploads\/2023\/11\/2023_11_28-Eroeffnung-PME-Expo-1200x675.jpg 1200w, https:\/\/fuenf-g.de\/wp-content\/uploads\/2023\/11\/2023_11_28-Eroeffnung-PME-Expo-1536x864.jpg 1536w\" sizes=\"(max-width: 200px) 100vw, 200px\" \/><\/a><\/li><li><a href=\"https:\/\/fuenf-g.de\/en\/2023\/11\/29\/power-for-secure-communication-at-the-pmr-expo\/\" aria-label=\"Power for secure communication at the PMR Expo\" class=\"hover-type-none\"><img decoding=\"async\" width=\"200\" height=\"150\" src=\"https:\/\/fuenf-g.de\/wp-content\/uploads\/2023\/11\/2023_11_28-Minister-Reul-200x150.jpg\" class=\"attachment-fusion-200 size-fusion-200\" alt=\"NRW-Innenminister Reul er\u00f6ffnet die PMR Expo in K\u00f6ln.\" srcset=\"https:\/\/fuenf-g.de\/wp-content\/uploads\/2023\/11\/2023_11_28-Minister-Reul-200x150.jpg 200w, https:\/\/fuenf-g.de\/wp-content\/uploads\/2023\/11\/2023_11_28-Minister-Reul-300x225.jpg 300w, https:\/\/fuenf-g.de\/wp-content\/uploads\/2023\/11\/2023_11_28-Minister-Reul-400x300.jpg 400w, https:\/\/fuenf-g.de\/wp-content\/uploads\/2023\/11\/2023_11_28-Minister-Reul-600x450.jpg 600w, https:\/\/fuenf-g.de\/wp-content\/uploads\/2023\/11\/2023_11_28-Minister-Reul-768x576.jpg 768w, https:\/\/fuenf-g.de\/wp-content\/uploads\/2023\/11\/2023_11_28-Minister-Reul-800x600.jpg 800w, https:\/\/fuenf-g.de\/wp-content\/uploads\/2023\/11\/2023_11_28-Minister-Reul-1024x768.jpg 1024w, https:\/\/fuenf-g.de\/wp-content\/uploads\/2023\/11\/2023_11_28-Minister-Reul-1200x900.jpg 1200w, https:\/\/fuenf-g.de\/wp-content\/uploads\/2023\/11\/2023_11_28-Minister-Reul-1536x1152.jpg 1536w\" sizes=\"(max-width: 200px) 100vw, 200px\" \/><\/a><\/li><li><a href=\"https:\/\/fuenf-g.de\/en\/2023\/11\/29\/power-for-secure-communication-at-the-pmr-expo\/\" aria-label=\"Power for secure communication at the PMR Expo\" class=\"hover-type-none\"><img decoding=\"async\" width=\"200\" height=\"113\" src=\"https:\/\/fuenf-g.de\/wp-content\/uploads\/2023\/11\/2023_11_28-Hackathon-at-PMR-Expo-200x113.jpg\" class=\"attachment-fusion-200 size-fusion-200\" alt=\"Prof. Dr. G\u00fcnter Huhle er\u00f6ffnete auch den Hackathon@PMRExpo. Entwickelt werden soll eine L\u00f6sung, die mit Hilfe k\u00fcnstlicher Intelligenz die Krisenkommunikation verbessern soll. (Bild: Jablonski)\" srcset=\"https:\/\/fuenf-g.de\/wp-content\/uploads\/2023\/11\/2023_11_28-Hackathon-at-PMR-Expo-200x113.jpg 200w, https:\/\/fuenf-g.de\/wp-content\/uploads\/2023\/11\/2023_11_28-Hackathon-at-PMR-Expo-300x169.jpg 300w, https:\/\/fuenf-g.de\/wp-content\/uploads\/2023\/11\/2023_11_28-Hackathon-at-PMR-Expo-400x225.jpg 400w, https:\/\/fuenf-g.de\/wp-content\/uploads\/2023\/11\/2023_11_28-Hackathon-at-PMR-Expo-600x338.jpg 600w, https:\/\/fuenf-g.de\/wp-content\/uploads\/2023\/11\/2023_11_28-Hackathon-at-PMR-Expo-768x432.jpg 768w, https:\/\/fuenf-g.de\/wp-content\/uploads\/2023\/11\/2023_11_28-Hackathon-at-PMR-Expo-800x450.jpg 800w, https:\/\/fuenf-g.de\/wp-content\/uploads\/2023\/11\/2023_11_28-Hackathon-at-PMR-Expo-1024x576.jpg 1024w, https:\/\/fuenf-g.de\/wp-content\/uploads\/2023\/11\/2023_11_28-Hackathon-at-PMR-Expo-1200x675.jpg 1200w, https:\/\/fuenf-g.de\/wp-content\/uploads\/2023\/11\/2023_11_28-Hackathon-at-PMR-Expo-1536x864.jpg 1536w\" sizes=\"(max-width: 200px) 100vw, 200px\" \/><\/a><\/li><\/ul><\/div><div class=\"recent-posts-content\"><span class=\"vcard\" style=\"display: none;\"><span class=\"fn\"><a href=\"https:\/\/fuenf-g.de\/en\/author\/frank\/\" title=\"Posts by Frank Jablonski\" rel=\"author\">Frank Jablonski<\/a><\/span><\/span><span class=\"updated\" style=\"display:none;\">2023-11-29T11:15:09+01:00<\/span><h4 class=\"entry-title\"><a href=\"https:\/\/fuenf-g.de\/en\/2023\/11\/29\/power-for-secure-communication-at-the-pmr-expo\/\">Power for secure communication at the PMR Expo<\/a><\/h4><p class=\"meta\"><span class=\"vcard\" style=\"display: none;\"><span class=\"fn\"><a href=\"https:\/\/fuenf-g.de\/en\/author\/frank\/\" title=\"Posts by Frank Jablonski\" rel=\"author\">Frank Jablonski<\/a><\/span><\/span><span class=\"updated\" style=\"display:none;\">2023-11-29T11:15:09+01:00<\/span><\/p><p>Smooth voice and data communication has been one of the objectives of PMR Expo for 23 years. But the challenges are constantly increasing. As the leading European trade fair for safety-critical communication, the three-day event in the halls of Koelnmesse addresses the control of operational processes, emergency operations, monitoring tasks and data applications.<\/p><\/div><\/article><article class=\"post fusion-column column col col-lg-12 col-md-12 col-sm-12\"><div class=\"fusion-flexslider fusion-flexslider-loading flexslider floated-slideshow flexslider-hover-type-none\"><ul class=\"slides\"><li><a href=\"https:\/\/fuenf-g.de\/en\/2023\/10\/12\/ai-drives-the-development-of-5g-not-the-other-way-around\/\" aria-label=\"AI drives the development of 5G, not the other way around\" class=\"hover-type-none\"><img decoding=\"async\" width=\"200\" height=\"118\" src=\"https:\/\/fuenf-g.de\/wp-content\/uploads\/2023\/10\/Bildschirmfoto-2023-10-12-um-18.10.18-200x118.png\" class=\"attachment-fusion-200 size-fusion-200\" alt=\"\" srcset=\"https:\/\/fuenf-g.de\/wp-content\/uploads\/2023\/10\/Bildschirmfoto-2023-10-12-um-18.10.18-200x118.png 200w, https:\/\/fuenf-g.de\/wp-content\/uploads\/2023\/10\/Bildschirmfoto-2023-10-12-um-18.10.18-300x176.png 300w, https:\/\/fuenf-g.de\/wp-content\/uploads\/2023\/10\/Bildschirmfoto-2023-10-12-um-18.10.18-400x235.png 400w, https:\/\/fuenf-g.de\/wp-content\/uploads\/2023\/10\/Bildschirmfoto-2023-10-12-um-18.10.18-600x353.png 600w, https:\/\/fuenf-g.de\/wp-content\/uploads\/2023\/10\/Bildschirmfoto-2023-10-12-um-18.10.18-768x452.png 768w, https:\/\/fuenf-g.de\/wp-content\/uploads\/2023\/10\/Bildschirmfoto-2023-10-12-um-18.10.18-800x470.png 800w, https:\/\/fuenf-g.de\/wp-content\/uploads\/2023\/10\/Bildschirmfoto-2023-10-12-um-18.10.18-1024x602.png 1024w, https:\/\/fuenf-g.de\/wp-content\/uploads\/2023\/10\/Bildschirmfoto-2023-10-12-um-18.10.18-1200x706.png 1200w, https:\/\/fuenf-g.de\/wp-content\/uploads\/2023\/10\/Bildschirmfoto-2023-10-12-um-18.10.18.png 1221w\" sizes=\"(max-width: 200px) 100vw, 200px\" \/><\/a><\/li><\/ul><\/div><div class=\"recent-posts-content\"><span class=\"vcard\" style=\"display: none;\"><span class=\"fn\"><a href=\"https:\/\/fuenf-g.de\/en\/author\/frank\/\" title=\"Posts by Frank Jablonski\" rel=\"author\">Frank Jablonski<\/a><\/span><\/span><span class=\"updated\" style=\"display:none;\">2023-10-12T19:58:36+02:00<\/span><h4 class=\"entry-title\"><a href=\"https:\/\/fuenf-g.de\/en\/2023\/10\/12\/ai-drives-the-development-of-5g-not-the-other-way-around\/\">AI drives the development of 5G, not the other way around<\/a><\/h4><p class=\"meta\"><span class=\"vcard\" style=\"display: none;\"><span class=\"fn\"><a href=\"https:\/\/fuenf-g.de\/en\/author\/frank\/\" title=\"Posts by Frank Jablonski\" rel=\"author\">Frank Jablonski<\/a><\/span><\/span><span class=\"updated\" style=\"display:none;\">2023-10-12T19:58:36+02:00<\/span><\/p><p>\"AI drives the development of 5G, not the other way around,\" says Prof. Peter Sachsenmeier. He discusses with FUENF-G at the 14th Mobile Broadband Forum how 5G is triggering a wave of investments, the tasks and challenges future 5G users face, and why 'legacy' is the key word for him. Watch the video interview for more insights.<\/p><\/div><\/article><article class=\"post fusion-column column col col-lg-12 col-md-12 col-sm-12\"><div class=\"fusion-flexslider fusion-flexslider-loading flexslider floated-slideshow flexslider-hover-type-none\"><ul class=\"slides\"><li><a href=\"https:\/\/fuenf-g.de\/en\/2023\/05\/05\/5-questions-for-dr-andreas-muller-roi-the-only-thing-that-counts\/\" aria-label=\"5 Questions for Dr. Andreas M\u00fcller: ROI &#8211; the only thing that counts!\" class=\"hover-type-none\"><img decoding=\"async\" width=\"200\" height=\"110\" src=\"https:\/\/fuenf-g.de\/wp-content\/uploads\/2023\/05\/Bildschirmfoto-2023-05-05-um-11.57.37-200x110.png\" class=\"attachment-fusion-200 size-fusion-200\" alt=\"\" srcset=\"https:\/\/fuenf-g.de\/wp-content\/uploads\/2023\/05\/Bildschirmfoto-2023-05-05-um-11.57.37-200x110.png 200w, https:\/\/fuenf-g.de\/wp-content\/uploads\/2023\/05\/Bildschirmfoto-2023-05-05-um-11.57.37-300x165.png 300w, https:\/\/fuenf-g.de\/wp-content\/uploads\/2023\/05\/Bildschirmfoto-2023-05-05-um-11.57.37-400x221.png 400w, https:\/\/fuenf-g.de\/wp-content\/uploads\/2023\/05\/Bildschirmfoto-2023-05-05-um-11.57.37-600x331.png 600w, https:\/\/fuenf-g.de\/wp-content\/uploads\/2023\/05\/Bildschirmfoto-2023-05-05-um-11.57.37.png 640w\" sizes=\"(max-width: 200px) 100vw, 200px\" \/><\/a><\/li><\/ul><\/div><div class=\"recent-posts-content\"><span class=\"vcard\" style=\"display: none;\"><span class=\"fn\"><a href=\"https:\/\/fuenf-g.de\/en\/author\/frank\/\" title=\"Posts by Frank Jablonski\" rel=\"author\">Frank Jablonski<\/a><\/span><\/span><span class=\"updated\" style=\"display:none;\">2023-05-05T12:00:40+02:00<\/span><h4 class=\"entry-title\"><a href=\"https:\/\/fuenf-g.de\/en\/2023\/05\/05\/5-questions-for-dr-andreas-muller-roi-the-only-thing-that-counts\/\">5 Questions for Dr. Andreas M\u00fcller: ROI &#8211; the only thing that counts!<\/a><\/h4><p class=\"meta\"><span class=\"vcard\" style=\"display: none;\"><span class=\"fn\"><a href=\"https:\/\/fuenf-g.de\/en\/author\/frank\/\" title=\"Posts by Frank Jablonski\" rel=\"author\">Frank Jablonski<\/a><\/span><\/span><span class=\"updated\" style=\"display:none;\">2023-05-05T12:00:40+02:00<\/span><\/p><p>Frank Jablonski talks to Dr. Andreas M\u00fcller (5G-ACIA and Project Director 6G Robert Bosch GmbH) about the experience at Hannover Messe, the purpose and mission of the 5G-ACIA, its current challenges.<\/p><\/div><\/article><\/section><div class=\"pagination clearfix\"><span class=\"current\">1<\/span><a href=\"https:\/\/fuenf-g.de\/en\/wp-json\/wp\/v2\/pages\/2846\/page\/2\/\" class=\"inactive\">2<\/a><a class=\"pagination-next\" rel=\"next\" href=\"https:\/\/fuenf-g.de\/en\/wp-json\/wp\/v2\/pages\/2846\/page\/2\/\"><span class=\"page-text\">Next<\/span><span class=\"page-next\"><\/span><\/a><\/div><div class=\"fusion-clearfix\"><\/div><\/div><\/div><\/div><\/div><\/div>\n","protected":false},"excerpt":{"rendered":"","protected":false},"author":4,"featured_media":0,"parent":2820,"menu_order":0,"comment_status":"closed","ping_status":"closed","template":"","meta":{"rop_custom_images_group":[],"rop_custom_messages_group":[],"rop_publish_now":"initial","rop_publish_now_accounts":{"facebook_5053329184679405_398544750902733":""},"rop_publish_now_history":[],"rop_publish_now_status":"pending","_FSMCFIC_featured_image_caption":"","_FSMCFIC_featured_image_nocaption":"","_FSMCFIC_featured_image_hide":"","footnotes":""},"class_list":["post-2846","page","type-page","status-publish","hentry"],"aioseo_notices":[],"_links":{"self":[{"href":"https:\/\/fuenf-g.de\/en\/wp-json\/wp\/v2\/pages\/2846","targetHints":{"allow":["GET"]}}],"collection":[{"href":"https:\/\/fuenf-g.de\/en\/wp-json\/wp\/v2\/pages"}],"about":[{"href":"https:\/\/fuenf-g.de\/en\/wp-json\/wp\/v2\/types\/page"}],"author":[{"embeddable":true,"href":"https:\/\/fuenf-g.de\/en\/wp-json\/wp\/v2\/users\/4"}],"replies":[{"embeddable":true,"href":"https:\/\/fuenf-g.de\/en\/wp-json\/wp\/v2\/comments?post=2846"}],"version-history":[{"count":5,"href":"https:\/\/fuenf-g.de\/en\/wp-json\/wp\/v2\/pages\/2846\/revisions"}],"predecessor-version":[{"id":3209,"href":"https:\/\/fuenf-g.de\/en\/wp-json\/wp\/v2\/pages\/2846\/revisions\/3209"}],"up":[{"embeddable":true,"href":"https:\/\/fuenf-g.de\/en\/wp-json\/wp\/v2\/pages\/2820"}],"wp:attachment":[{"href":"https:\/\/fuenf-g.de\/en\/wp-json\/wp\/v2\/media?parent=2846"}],"curies":[{"name":"wp","href":"https:\/\/api.w.org\/{rel}","templated":true}]}}